{"id":734,"date":"2018-07-26T10:49:22","date_gmt":"2018-07-26T13:49:22","guid":{"rendered":"https:\/\/ispi9026-sfe.infd.edu.ar\/sitio\/?page_id=734"},"modified":"2020-05-28T02:22:34","modified_gmt":"2020-05-28T05:22:34","slug":"plan-de-estudio","status":"publish","type":"page","link":"https:\/\/ispi9026-sfe.infd.edu.ar\/sitio\/catalogo\/plan-de-estudio\/","title":{"rendered":"Plan de estudio"},"content":{"rendered":"<h3><b>PLAN DE ESTUDIO &#8211; PROFESORADO DE EDUCACI\u00d3N PRIMARIA (Dcto. 0528\/2009)<\/b><\/h3>\n<p><b>Duraci\u00f3n:<\/b><span style=\"font-weight: 400;\"> 4 (cuatro) a\u00f1os.<\/span><\/p>\n<p><b>Escala de Calificaci\u00f3n (al 25 de marzo de 2016):<\/b><span style=\"font-weight: 400;\"> 1 (uno) a 5 (cinco)<\/span><\/p>\n<p><b>Escala de Calificaci\u00f3n (desde el 26 de marzo de 2016):<\/b><span style=\"font-weight: 400;\"> 1 (uno) a 10 (diez)<\/span><\/p>\n<p>&nbsp;<\/p>\n<h3><b>GRILLA ACAD\u00c9MICA<\/b><\/h3>\n<h3><b>PRIMER A\u00d1O<\/b><\/h3>\n<table>\n<tbody>\n<tr>\n<td><strong>CAMPOS DE CONOCIMIENTO<\/strong><\/td>\n<td><strong>Unidades Curriculares\u00a0<\/strong><\/p>\n<p><strong>1ER CUATRIMESTRE<\/strong><\/td>\n<td><strong>Hs cat sem.<\/strong><\/td>\n<td><strong>Unidades\u00a0 Curriculares<\/strong><\/p>\n<p><strong>2DO CUATRIMESTRE<\/strong><\/td>\n<td><strong>Hs cat. Sem.<\/strong><\/td>\n<td><strong>Hs c\u00e1t. anual<\/strong><\/td>\n<td rowspan=\"14\">&nbsp;<\/p>\n<p><strong>L<\/strong><\/p>\n<p><strong>A<\/strong><\/p>\n<p><strong>B<\/strong><\/p>\n<p><strong>O<\/strong><\/p>\n<p><strong>R<\/strong><\/p>\n<p><strong>A<\/strong><\/p>\n<p><strong>T<\/strong><\/p>\n<p><strong>O<\/strong><\/p>\n<p><strong>R<\/strong><\/p>\n<p><strong>I<\/strong><\/p>\n<p><strong>O<\/strong><\/p>\n<p>&nbsp;<\/p>\n<p><strong>P<\/strong><\/p>\n<p><strong>E<\/strong><\/p>\n<p><strong>D<\/strong><\/p>\n<p><strong>A<\/strong><\/p>\n<p><strong>G<\/strong><\/p>\n<p><strong>O<\/strong><\/p>\n<p><strong>G<\/strong><\/p>\n<p><strong>I<\/strong><\/p>\n<p><strong>C<\/strong><\/p>\n<p><strong>O<\/strong><\/td>\n<\/tr>\n<tr>\n<td rowspan=\"5\">&nbsp;<\/p>\n<p><strong>FORMACI\u00d3N GENERAL<\/strong><\/td>\n<td>Psicolog\u00eda y Educaci\u00f3n<\/td>\n<td>4<\/td>\n<td>Psicolog\u00eda y Educaci\u00f3n<\/td>\n<td>4<\/td>\n<td>128<\/td>\n<\/tr>\n<tr>\n<td>Pedagog\u00eda<\/td>\n<td>4<\/td>\n<td>Pedagog\u00eda<\/td>\n<td>4<\/td>\n<td>128<\/td>\n<\/tr>\n<tr>\n<td>Sociolog\u00eda de la Educaci\u00f3n<\/td>\n<td>2<\/td>\n<td>Sociolog\u00eda de la Educaci\u00f3n<\/td>\n<td>2<\/td>\n<td>64<\/td>\n<\/tr>\n<tr>\n<td>Historia Argentina y Latinoam.<\/p>\n<p>&nbsp;<\/p>\n<p>Latinoamericana<\/td>\n<td>4<\/td>\n<td><\/td>\n<td><\/td>\n<td>64<\/td>\n<\/tr>\n<tr>\n<td>Movimiento y Cuerpo I<strong> *<\/strong><\/td>\n<td>4<\/td>\n<td>Movimiento y Cuerpo I <strong>*<\/strong><\/td>\n<td>4<\/td>\n<td>128<\/td>\n<\/tr>\n<tr>\n<td><strong>FORMACI\u00d3N EN LA PR\u00c1CTICA PROFESIONAL<\/strong><\/p>\n<p>&nbsp;<\/p>\n<p><strong>Trayecto de Pr\u00e1ctica<\/strong><\/td>\n<td>&nbsp;<\/p>\n<p>Taller de Pr\u00e1ctica I<\/td>\n<td>&nbsp;<\/p>\n<p>3<\/p>\n<p>&nbsp;<\/td>\n<td>&nbsp;<\/p>\n<p>Taller de Pr\u00e1ctica I<\/td>\n<td>&nbsp;<\/p>\n<p>3<\/td>\n<td>&nbsp;<\/p>\n<p>96<\/td>\n<\/tr>\n<tr>\n<td rowspan=\"6\">&nbsp;<\/p>\n<p><strong>FORMACI\u00d3N ESPEC\u00cdFICA<\/strong><\/td>\n<td>Taller de Comunicaci\u00f3n y Exp.<\/td>\n<td>3<\/td>\n<td>Taller de Comunic. Y Exp.<\/td>\n<td>3<\/td>\n<td>96<\/td>\n<\/tr>\n<tr>\n<td>Taller de Res. de Problemas y<\/td>\n<td>4<\/td>\n<td><\/td>\n<td><\/td>\n<td>64<\/td>\n<\/tr>\n<tr>\n<td><\/td>\n<td><\/td>\n<td>Taller de Ciencias Naturales para una cultura ciudadana<\/td>\n<td>4<\/td>\n<td>64<\/td>\n<\/tr>\n<tr>\n<td><\/td>\n<td><\/td>\n<td>Taller de Problem. Cs. Soc.<\/td>\n<td>4<\/td>\n<td>64<\/td>\n<\/tr>\n<tr>\n<td>\u00a0\u00c1rea est\u00e9tico expresiva: .<\/td>\n<td>3<\/td>\n<td>\u00c1rea est\u00e9tico expresiva: .<\/td>\n<td>3<\/td>\n<td>96<\/td>\n<\/tr>\n<tr>\n<td>Problem\u00e1tica de Educaci\u00f3n<\/td>\n<td>3<\/td>\n<td>Problem\u00e1ticas de Educ.<\/td>\n<td>3<\/td>\n<td>96<\/td>\n<\/tr>\n<tr>\n<td><strong>TOTALES<\/strong><\/td>\n<td><\/td>\n<td><strong>34<\/strong><\/td>\n<td><\/td>\n<td><strong>34<\/strong><\/td>\n<td><strong>1088<\/strong><\/td>\n<\/tr>\n<\/tbody>\n<\/table>\n<p><b>Trayecto de Pr\u00e1ctica: Carga horaria anual aproximada a cumplir en las instituciones asociadas<\/b><span style=\"font-weight: 400;\"> 3* Espacio experimental sujeto a regulaciones espec\u00edficas a establecer por el Ministerio de Educaci\u00f3n (NO OFRECER)<\/span><\/p>\n<p>&nbsp;<\/p>\n<h3><strong><u>SEGUNDO A\u00d1O<\/u><\/strong><\/h3>\n<table>\n<tbody>\n<tr>\n<td><strong>CAMPOS DE CONOCIMIENTO<\/strong><\/td>\n<td><strong>Unidades Curriculares<\/strong><\/p>\n<p><strong>1 ER CUATRIMESTRE<\/strong><\/td>\n<td><strong>Hs cat. sem.<\/strong><\/td>\n<td><strong>Unidades Curriculares<\/strong><\/p>\n<p><strong>2DO CUATRIMESTRE<\/strong><\/td>\n<td><strong>Hs cat. semanal<\/strong><\/td>\n<td><strong>Hs c\u00e1t. anual<\/strong><\/td>\n<td width=\"0\"><\/td>\n<\/tr>\n<tr>\n<td rowspan=\"4\">&nbsp;<\/p>\n<p><strong>FORMACI\u00d3N GENERAL<\/strong><\/td>\n<td>Did\u00e1ctica General<\/td>\n<td>4<\/td>\n<td>Did\u00e1ctica General<\/td>\n<td>4<\/td>\n<td>128<\/td>\n<td width=\"0\"><\/td>\n<\/tr>\n<tr>\n<td>Filosof\u00eda de la Educaci\u00f3n<\/td>\n<td>3<\/td>\n<td><\/td>\n<td><\/td>\n<td>48<\/td>\n<td width=\"0\"><\/td>\n<\/tr>\n<tr>\n<td><\/td>\n<td><\/td>\n<td>\u00a0Conocimiento y Educaci\u00f3n<\/td>\n<td>3<\/td>\n<td>48<\/td>\n<td width=\"0\"><\/td>\n<\/tr>\n<tr>\n<td>Movimiento\u00a0 y Cuerpo\u00a0 II<strong> *<\/strong><\/td>\n<td>4<\/td>\n<td>Movimiento y Cuerpo II <strong>*<\/strong><\/td>\n<td>4<\/td>\n<td>128<\/td>\n<td width=\"0\"><\/td>\n<\/tr>\n<tr>\n<td rowspan=\"2\"><strong>FORMAC. EN LA PR\u00c1CTICA PROF.<\/strong><\/p>\n<p><strong>(Trayecto de\u00a0<\/strong><\/p>\n<p><strong>Pr\u00e1ctica)<\/strong><\/td>\n<td rowspan=\"2\">&nbsp;<\/p>\n<p>Taller de Pr\u00e1ctica II<\/td>\n<td rowspan=\"2\">&nbsp;<\/p>\n<p>4<\/td>\n<td rowspan=\"2\">Taller de pr\u00e1ctica II<\/p>\n<p>Seminario de lo grupal y los grupos en el aprendizaje<\/td>\n<td rowspan=\"2\">&nbsp;<\/p>\n<p>4<\/td>\n<td rowspan=\"2\">&nbsp;<\/p>\n<p>128<\/td>\n<td width=\"0\"><\/td>\n<\/tr>\n<tr>\n<td width=\"0\"><\/td>\n<\/tr>\n<tr>\n<td rowspan=\"5\">&nbsp;<\/p>\n<p><strong>FORMACI\u00d3N ESPEC\u00cdFICA<\/strong><\/td>\n<td>Matem\u00e1tica y su Did\u00e1ctica I<\/td>\n<td>4<\/td>\n<td>Matem\u00e1tica y su Did\u00e1ctica I<\/td>\n<td>4<\/td>\n<td>128<\/td>\n<td width=\"0\"><\/td>\n<\/tr>\n<tr>\n<td>Cs. Naturales y Did\u00e1ctica I<\/td>\n<td>4<\/td>\n<td>Cs.Naturales y Did\u00e1ctica I<\/td>\n<td>4<\/td>\n<td>128<\/td>\n<td width=\"0\"><\/td>\n<\/tr>\n<tr>\n<td>Cs. Sociales y su Did\u00e1ctica I<\/td>\n<td>4<\/td>\n<td>Cs. Sociales y su Did\u00e1ctica I<\/td>\n<td>4<\/td>\n<td>128<\/td>\n<td width=\"0\"><\/td>\n<\/tr>\n<tr>\n<td>Lengua y su Did\u00e1ctica<\/td>\n<td>4<\/td>\n<td>Lengua y su Did\u00e1ctica<\/td>\n<td>4<\/td>\n<td>128<\/td>\n<td width=\"0\"><\/td>\n<\/tr>\n<tr>\n<td>Sujeto de la Educaci\u00f3n Pri.<\/td>\n<td>4<\/td>\n<td>Sujeto de la Educaci\u00f3n Pr.<\/td>\n<td>4<\/td>\n<td>128<\/td>\n<td width=\"0\"><\/td>\n<\/tr>\n<tr>\n<td><strong>TOTALES<\/strong><\/td>\n<td><\/td>\n<td><strong>35<\/strong><\/td>\n<td><\/td>\n<td><strong>35<\/strong><\/td>\n<td><strong>1120<\/strong><\/td>\n<td width=\"0\"><\/td>\n<\/tr>\n<\/tbody>\n<\/table>\n<p><strong>Trayecto de Pr\u00e1ctica: Carga horaria anual aproximada a cumplir en las instituciones asociadas<\/strong> 64 hs. c\u00e1tedra.<\/p>\n<p>&nbsp;<\/p>\n<h3><strong><u>TERCER A\u00d1O<\/u><\/strong><\/h3>\n<table>\n<tbody>\n<tr>\n<td><strong>CAMPOS DE CONOCIMIENTO<\/strong><\/td>\n<td><strong>Unidades Curriculares\u00a0<\/strong><\/p>\n<p><strong>1ER CUATRIMESTRE<\/strong><\/td>\n<td><strong>Hs cat sem.<\/strong><\/td>\n<td><strong>Unidades Curriculares<\/strong><\/p>\n<p><strong>2DO CUATRIMESTRE<\/strong><\/td>\n<td><strong>Hs cat sem<\/strong><\/td>\n<td><strong>Hs c\u00e1t anual<\/strong><\/td>\n<td width=\"0\"><\/td>\n<\/tr>\n<tr>\n<td rowspan=\"2\">&nbsp;<\/p>\n<p><strong>FORMACI\u00d3N GENERAL<\/strong><\/td>\n<td>TIC.<\/td>\n<td>3<\/td>\n<td>TIC.<\/td>\n<td>3<\/td>\n<td>96<\/td>\n<td width=\"0\"><\/td>\n<\/tr>\n<tr>\n<td>Historia de la Educ. y Pol\u00edtica<\/td>\n<td>3<\/td>\n<td>Historia de la Educ.y Pol\u00edtica<\/td>\n<td>3<\/td>\n<td>96<\/td>\n<td width=\"0\"><\/td>\n<\/tr>\n<tr>\n<td rowspan=\"2\"><strong>FORM. EN LA PR\u00c1CTICA PROF<\/strong><\/p>\n<p><strong>(Trayecto de Pr\u00e1ctica)<\/strong><\/td>\n<td rowspan=\"2\">Taller de Pr\u00e1ctica III<\/p>\n<p>Seminario de Instituciones Educativas<\/td>\n<td rowspan=\"2\">&nbsp;<\/p>\n<p>4<\/td>\n<td rowspan=\"2\">&nbsp;<\/p>\n<p>Taller de Pr\u00e1ctica III<\/td>\n<td rowspan=\"2\">&nbsp;<\/p>\n<p>4<\/td>\n<td rowspan=\"2\">&nbsp;<\/p>\n<p>128<\/td>\n<td width=\"0\"><\/td>\n<\/tr>\n<tr>\n<td width=\"0\"><\/td>\n<\/tr>\n<tr>\n<td rowspan=\"8\">&nbsp;<\/p>\n<p><strong>FORMACI\u00d3N ESPEC\u00cdFICA<\/strong><\/td>\n<td>Matem\u00e1tica y su did\u00e1ctica II<\/td>\n<td>4<\/td>\n<td>Matem\u00e1tica y su Did\u00e1ctica II<\/td>\n<td>4<\/td>\n<td>128<\/td>\n<td width=\"0\"><\/td>\n<\/tr>\n<tr>\n<td>Cs.Naturales y su Did\u00e1ctica II<\/td>\n<td>4<\/td>\n<td>Cs. Naturales y su Did\u00e1ctica II<\/td>\n<td>4<\/td>\n<td>128<\/td>\n<td width=\"0\"><\/td>\n<\/tr>\n<tr>\n<td>Cs. Sociales y su Did\u00e1ctica II<\/td>\n<td>4<\/td>\n<td>Cs. Sociales y su Did\u00e1ctica II<\/td>\n<td>4<\/td>\n<td>128<\/td>\n<td width=\"0\"><\/td>\n<\/tr>\n<tr>\n<td>Literatura y su Did\u00e1ctica<\/td>\n<td>4<\/td>\n<td><\/td>\n<td><\/td>\n<td>64<\/td>\n<td width=\"0\"><\/td>\n<\/tr>\n<tr>\n<td><\/td>\n<td><\/td>\n<td>Alfabetizaci\u00f3n Inicial<\/td>\n<td>4<\/td>\n<td>64<\/td>\n<td width=\"0\"><\/td>\n<\/tr>\n<tr>\n<td>\u00a0\u00c1rea est\u00e9tico expresiva<\/td>\n<td>3<\/td>\n<td>\u00c1rea est\u00e9tico expresiva:.<\/td>\n<td>3<\/td>\n<td>96<\/td>\n<td width=\"0\"><\/td>\n<\/tr>\n<tr>\n<td>Problem\u00e1ticas Educaci\u00f3n<\/td>\n<td>3<\/td>\n<td>Problem\u00e1ticas de la Educaci\u00f3n<\/td>\n<td>3<\/td>\n<td><strong>96<\/strong><\/td>\n<td width=\"0\"><\/td>\n<\/tr>\n<tr>\n<td>\u00a0I (E.D.I.)<\/td>\n<td>3<\/td>\n<td>\u00a0 II (E.D.I.)<\/td>\n<td>3<\/td>\n<td>96<\/td>\n<td width=\"0\"><\/td>\n<\/tr>\n<\/tbody>\n<\/table>\n<h3><b>CUARTO A\u00d1O<\/b><b>\u00a0 \u00a0 \u00a0\u00a0<\/b><\/h3>\n<table>\n<tbody>\n<tr>\n<td><b>CAMPOS DE CONOCIMIENTO<\/b><\/td>\n<td><b>Unidades Curriculares<\/b><\/p>\n<p><b>1ER CUATRIMESTRE<\/b><\/td>\n<td><b>Hs cat. \u00a0 Sem.<\/b><\/td>\n<td><b>Unidades\u00a0 Curriculares<\/b><\/p>\n<p><b>2DO CUATRIMESTRE<\/b><\/td>\n<td><b>Hs c\u00e1t sem.<\/b><\/td>\n<td><b>Hs c\u00e1t anual<\/b><\/td>\n<\/tr>\n<tr>\n<td><b>FORMACI\u00d3N GENERAL<\/b><\/td>\n<td><span style=\"font-weight: 400;\">\u00c9tica, trabajo docente- Derechos humanos y ciudadan\u00eda<\/span><\/td>\n<td><span style=\"font-weight: 400;\">3<\/span><\/td>\n<td><span style=\"font-weight: 400;\">\u00c9tica, trabajo docente- Derechos humanos y ciudadan\u00eda<\/span><\/td>\n<td><span style=\"font-weight: 400;\">3<\/span><\/td>\n<td><span style=\"font-weight: 400;\">96<\/span><\/td>\n<\/tr>\n<tr>\n<td><b>FORMACI\u00d3N EN LA PR\u00c1CTICA PROFESIONAL<\/b><\/p>\n<p><b>(Trayecto de Pr\u00e1ctica)<\/b><\/td>\n<td><span style=\"font-weight: 400;\">Taller de Pr\u00e1ctica IV<\/span><\/td>\n<td><span style=\"font-weight: 400;\">4<\/span><\/td>\n<td><span style=\"font-weight: 400;\">Taller de Pr\u00e1ctica IV\u00a0<\/span><\/td>\n<td><span style=\"font-weight: 400;\">4<\/span><\/td>\n<td><span style=\"font-weight: 400;\">128<\/span><\/td>\n<\/tr>\n<tr>\n<td rowspan=\"2\"><b>FORMACI\u00d3N ESPEC\u00cdFICA<\/b><\/td>\n<td><span style=\"font-weight: 400;\">Ateneo:\u00a0\u00a0<\/span><\/p>\n<ul>\n<li style=\"font-weight: 400;\"><span style=\"font-weight: 400;\">Matem\u00e1tica<\/span><\/li>\n<li style=\"font-weight: 400;\"><span style=\"font-weight: 400;\">Ciencias Naturales<\/span><\/li>\n<li style=\"font-weight: 400;\"><span style=\"font-weight: 400;\">Ciencias Sociales<\/span><\/li>\n<li style=\"font-weight: 400;\"><span style=\"font-weight: 400;\">Lengua y Literatura<\/span><\/li>\n<li style=\"font-weight: 400;\"><span style=\"font-weight: 400;\">For. \u00c9tica y Ciudadana<\/span><\/li>\n<\/ul>\n<\/td>\n<td><span style=\"font-weight: 400;\">5<\/span><\/td>\n<td><span style=\"font-weight: 400;\">Ateneo:\u00a0\u00a0<\/span><\/p>\n<ul>\n<li style=\"font-weight: 400;\"><span style=\"font-weight: 400;\">Matem\u00e1tica<\/span><\/li>\n<li style=\"font-weight: 400;\"><span style=\"font-weight: 400;\">Ciencias Naturales<\/span><\/li>\n<li style=\"font-weight: 400;\"><span style=\"font-weight: 400;\">Ciencias Sociales<\/span><\/li>\n<li style=\"font-weight: 400;\"><span style=\"font-weight: 400;\">Lengua y Literatura<\/span><\/li>\n<li style=\"font-weight: 400;\"><span style=\"font-weight: 400;\">For. \u00c9tica y Ciudadana<\/span><\/li>\n<li style=\"font-weight: 400;\"><span style=\"font-weight: 400;\">\u00a0<\/span><\/li>\n<\/ul>\n<\/td>\n<td><span style=\"font-weight: 400;\">5<\/span><\/td>\n<td><span style=\"font-weight: 400;\">160<\/span><\/td>\n<\/tr>\n<tr>\n<td><span style=\"font-weight: 400;\">Sexualidad Humana y Educaci\u00f3n<\/span><\/td>\n<td><span style=\"font-weight: 400;\">4<\/span><\/td>\n<td><\/td>\n<td><\/td>\n<td><span style=\"font-weight: 400;\">64<\/span><\/td>\n<\/tr>\n<tr>\n<td><b>TOTALES<\/b><\/td>\n<td><\/td>\n<td><b>16<\/b><\/td>\n<td><\/td>\n<td><b>12<\/b><\/td>\n<td><b>448<\/b><\/td>\n<\/tr>\n<\/tbody>\n<\/table>\n<p><b>Trayecto de Pr\u00e1ctica: Carga horaria anual aproximada a cumplir en las instituciones asociadas<\/b><span style=\"font-weight: 400;\"> 256 hs. c\u00e1tedra.<\/span><\/p>\n<p>&nbsp;<\/p>\n<h2><b>R\u00e9gimen de correlatividades<\/b><\/h2>\n<p><b>Campo de la Formaci\u00f3n General y Campo de la Formaci\u00f3n Espec\u00edfica:<\/b><\/p>\n<p><span style=\"font-weight: 400;\">Para poder rendir las unidades curriculares se\u00f1aladas a continuaci\u00f3n, deber\u00e1n tener aprobada la\u00a0<\/span><span style=\"font-weight: 400;\">correlativa establecida.<\/span><\/p>\n<p>&nbsp;<\/p>\n<table>\n<tbody>\n<tr>\n<td>\n<h3 style=\"text-align: center;\"><b>Unidad Curricular\u00a0<\/b><\/h3>\n<\/td>\n<td>\n<h3 style=\"text-align: center;\"><b>Correlativa<\/b><\/h3>\n<\/td>\n<\/tr>\n<tr>\n<td>\n<h3><b>SEGUNDO A\u00d1O<\/b><\/h3>\n<\/td>\n<td><\/td>\n<\/tr>\n<tr>\n<td><span style=\"font-weight: 400;\">Did\u00e1ctica General\u00a0<\/span><\/td>\n<td><span style=\"font-weight: 400;\">Psicolog\u00eda y Educaci\u00f3n<\/span><\/p>\n<p><span style=\"font-weight: 400;\">Pedagog\u00eda<\/span><\/td>\n<\/tr>\n<tr>\n<td><span style=\"font-weight: 400;\">Movimiento y Cuerpo II\u00a0<\/span><\/td>\n<td><span style=\"font-weight: 400;\">Movimiento y Cuerpo I<\/span><\/td>\n<\/tr>\n<tr>\n<td><span style=\"font-weight: 400;\">Matem\u00e1tica y su Did\u00e1ctica I\u00a0<\/span><\/td>\n<td><span style=\"font-weight: 400;\">Resoluci\u00f3n de Problemas y Creatividad<\/span><\/td>\n<\/tr>\n<tr>\n<td><span style=\"font-weight: 400;\">Ciencias Naturales y su Did\u00e1ctica I<\/span><\/td>\n<td><span style=\"font-weight: 400;\">Ciencias Naturales para una Cultura Ciudadana<\/span><\/td>\n<\/tr>\n<tr>\n<td><span style=\"font-weight: 400;\">Ciencias Sociales y su Did\u00e1ctica I\u00a0<\/span><\/td>\n<td><span style=\"font-weight: 400;\">Problem\u00e1ticas en las Ciencias Sociales<\/span><\/td>\n<\/tr>\n<tr>\n<td><span style=\"font-weight: 400;\">Lengua y su Did\u00e1ctica\u00a0<\/span><\/td>\n<td><span style=\"font-weight: 400;\">Comunicaci\u00f3n y Expresi\u00f3n Oral y Escrita<\/span><\/td>\n<\/tr>\n<tr>\n<td><span style=\"font-weight: 400;\">Sujetos de la Educaci\u00f3n Primaria<\/span><\/td>\n<td><span style=\"font-weight: 400;\"> Psicolog\u00eda y Educaci\u00f3n<\/span><\/td>\n<\/tr>\n<tr>\n<td>\n<h3><b>TERCER A\u00d1O<\/b><\/h3>\n<\/td>\n<td><\/td>\n<\/tr>\n<tr>\n<td><span style=\"font-weight: 400;\">Historia Social de la Educaci\u00f3n y Pol\u00edtica<\/span><\/p>\n<p><span style=\"font-weight: 400;\">Educativa Argentina<\/span><\/td>\n<td><span style=\"font-weight: 400;\">Historia Argentina y Latinoamericana<\/span><\/p>\n<p><span style=\"font-weight: 400;\">Sociolog\u00eda de la Educaci\u00f3n<\/span><\/td>\n<\/tr>\n<tr>\n<td><span style=\"font-weight: 400;\">Literatura y su Did\u00e1ctica<\/span><\/td>\n<td><span style=\"font-weight: 400;\">Lengua y su Did\u00e1ctica<\/span><\/p>\n<p><span style=\"font-weight: 400;\">Did\u00e1ctica General<\/span><\/td>\n<\/tr>\n<tr>\n<td><span style=\"font-weight: 400;\">Alfabetizaci\u00f3n Inicial\u00a0<\/span><\/td>\n<td><span style=\"font-weight: 400;\">Lengua y su Did\u00e1ctica<\/span><\/p>\n<p><span style=\"font-weight: 400;\">Did\u00e1ctica General<\/span><\/td>\n<\/tr>\n<tr>\n<td><span style=\"font-weight: 400;\">Matem\u00e1tica y su Did\u00e1ctica II\u00a0<\/span><\/td>\n<td><span style=\"font-weight: 400;\">Matem\u00e1tica y su Did\u00e1ctica I<\/span><\/p>\n<p><span style=\"font-weight: 400;\">Did\u00e1ctica General<\/span><\/td>\n<\/tr>\n<tr>\n<td><span style=\"font-weight: 400;\">Ciencias Naturales y su Did\u00e1ctica II<\/span><\/td>\n<td><span style=\"font-weight: 400;\">Ciencias Naturales y su Did\u00e1ctica I<\/span><\/p>\n<p><span style=\"font-weight: 400;\">Did\u00e1ctica General<\/span><\/td>\n<\/tr>\n<tr>\n<td><span style=\"font-weight: 400;\">Ciencias Sociales y su Did\u00e1ctica II\u00a0<\/span><\/td>\n<td><span style=\"font-weight: 400;\">Ciencias Sociales y su Did\u00e1ctica I<\/span><\/p>\n<p><span style=\"font-weight: 400;\">Did\u00e1ctica General<\/span><\/td>\n<\/tr>\n<tr>\n<td><span style=\"font-weight: 400;\">\u00c1rea Est\u00e9tico Expresiva II\u00a0<\/span><\/td>\n<td><span style=\"font-weight: 400;\">\u00c1rea Est\u00e9tico Expresiva I<\/span><\/td>\n<\/tr>\n<tr>\n<td><span style=\"font-weight: 400;\">Problem\u00e1ticas Contempor\u00e1neas de la<\/span><\/p>\n<p><span style=\"font-weight: 400;\">Educaci\u00f3n Primaria II<\/span><\/td>\n<td><span style=\"font-weight: 400;\">Problem\u00e1ticas de la Educaci\u00f3n Primaria I<\/span><\/td>\n<\/tr>\n<tr>\n<td>\n<h3><b>CUARTO A\u00d1O<\/b><\/h3>\n<\/td>\n<td><\/td>\n<\/tr>\n<tr>\n<td><span style=\"font-weight: 400;\">\u00c9tica, Trabajo Docente, Derechos Humanos y<\/span><\/p>\n<p><span style=\"font-weight: 400;\">Ciudadan\u00eda<\/span><\/td>\n<td><span style=\"font-weight: 400;\">Filosof\u00eda de la Educaci\u00f3n<\/span><\/p>\n<p><span style=\"font-weight: 400;\">Conocimiento y Educaci\u00f3n<\/span><\/p>\n<p><span style=\"font-weight: 400;\">Historia Social de la Educaci\u00f3n y Pol\u00edtica<\/span><\/p>\n<p><span style=\"font-weight: 400;\">Educativa Argentina<\/span><\/td>\n<\/tr>\n<\/tbody>\n<\/table>\n<h3><b>Campo de la Pr\u00e1ctica Profesional:<\/b><\/h3>\n<p><span style=\"font-weight: 400;\">Para poder cursar los Talleres de la Pr\u00e1ctica II, III y IV, deber\u00e1n cumplir con las correlatividades<\/span><\/p>\n<p><span style=\"font-weight: 400;\">establecidas a continuaci\u00f3n.<\/span><\/p>\n<p>&nbsp;<\/p>\n<table>\n<tbody>\n<tr>\n<td>\n<h3 style=\"text-align: center;\"><b>Unidad curricular<\/b><\/h3>\n<\/td>\n<td>\n<h3 style=\"text-align: center;\"><b>Correlativa<\/b><\/h3>\n<\/td>\n<\/tr>\n<tr>\n<td><b>SEGUNDO A\u00d1O<\/b><\/td>\n<td><\/td>\n<\/tr>\n<tr>\n<td><span style=\"font-weight: 400;\">Taller de Pr\u00e1ctica II\u00a0<\/span><\/td>\n<td><b>Aprobada:<\/b><\/p>\n<p><span style=\"font-weight: 400;\">Taller de Pr\u00e1ctica I<\/span><\/p>\n<p><span style=\"font-weight: 400;\">Al menos tres de los talleres de 1\u00ba a\u00f1o del Campo de la Formaci\u00f3n<\/span><\/p>\n<p><span style=\"font-weight: 400;\">Espec\u00edfica.<\/span><\/p>\n<p><b>Regularizada:<\/b><\/p>\n<p><span style=\"font-weight: 400;\">Pedagog\u00eda<\/span><\/p>\n<p><span style=\"font-weight: 400;\">Psicolog\u00eda y Educaci\u00f3n<\/span><\/td>\n<\/tr>\n<tr>\n<td>\n<h3><b>TERCER A\u00d1O<\/b><\/h3>\n<\/td>\n<td><\/td>\n<\/tr>\n<tr>\n<td><span style=\"font-weight: 400;\">Taller de Pr\u00e1ctica III\u00a0<\/span><\/td>\n<td><b>Aprobada:<\/b><\/p>\n<p><span style=\"font-weight: 400;\">Todas las unidades curriculares de los tres campos de Primer a\u00f1o.<\/span><\/p>\n<p><span style=\"font-weight: 400;\">Taller de Pr\u00e1ctica II.<\/span><\/p>\n<p><b>Regularizada:<\/b><\/p>\n<p><span style=\"font-weight: 400;\">Did\u00e1ctica General<\/span><\/p>\n<p><span style=\"font-weight: 400;\">Matem\u00e1tica y su Did\u00e1ctica I<\/span><\/p>\n<p><span style=\"font-weight: 400;\">Ciencias Sociales y su Did\u00e1ctica I<\/span><\/p>\n<p><span style=\"font-weight: 400;\">Ciencias Naturales y su Did\u00e1ctica I<\/span><\/p>\n<p><span style=\"font-weight: 400;\">Lengua y su Did\u00e1ctica<\/span><\/p>\n<p><span style=\"font-weight: 400;\">Sujetos de la Educaci\u00f3n Primaria<\/span><\/p>\n<p><span style=\"font-weight: 400;\">Conocimiento y Educaci\u00f3n<\/span><\/td>\n<\/tr>\n<tr>\n<td>\n<h3><b>CUARTO A\u00d1O<\/b><\/h3>\n<\/td>\n<td><\/td>\n<\/tr>\n<tr>\n<td><span style=\"font-weight: 400;\">Taller de Pr\u00e1ctica IV y<\/span><\/p>\n<p><span style=\"font-weight: 400;\">Ateneo<\/span><\/td>\n<td><b>Aprobada:<\/b><\/p>\n<p><span style=\"font-weight: 400;\">Todas las unidades curriculares de los tres campos de Segundo a\u00f1o.<\/span><\/p>\n<p><span style=\"font-weight: 400;\">Taller de Pr\u00e1ctica III.<\/span><\/p>\n<p><span style=\"font-weight: 400;\">\u00c1rea Est\u00e9tica Expresiva II<\/span><\/p>\n<p><b>Regularizada:<\/b><\/p>\n<p><span style=\"font-weight: 400;\">Matem\u00e1tica y su Did\u00e1ctica II<\/span><\/p>\n<p><span style=\"font-weight: 400;\">Ciencias Sociales y su Did\u00e1ctica II<\/span><\/p>\n<p><span style=\"font-weight: 400;\">Ciencias Naturales y su Did\u00e1ctica II<\/span><\/p>\n<p><span style=\"font-weight: 400;\">Literatura y su Did\u00e1ctica<\/span><\/p>\n<p><span style=\"font-weight: 400;\">Alfabetizaci\u00f3n Inicial.<\/span><\/p>\n<p><span style=\"font-weight: 400;\">Tecnolog\u00edas de la Informaci\u00f3n y de la Comunicaci\u00f3n<\/span><\/p>\n<p><span style=\"font-weight: 400;\">Problem\u00e1ticas Contempor\u00e1neas del Nivel II<\/span><\/td>\n<\/tr>\n<\/tbody>\n<\/table>\n<p><span style=\"font-weight: 400;\">Los Espacios de Definici\u00f3n Institucional I y II, el Seminario de Sexualidad Humana y Educaci\u00f3n y los espacios electivos de los Itinerarios por el Mundo de la Cultura no tienen establecidas correlatividades.<\/span><\/p>\n","protected":false},"excerpt":{"rendered":"<p>PLAN DE ESTUDIO &#8211; PROFESORADO DE EDUCACI\u00d3N PRIMARIA (Dcto. 0528\/2009) Duraci\u00f3n: 4 (cuatro) a\u00f1os. Escala de Calificaci\u00f3n (al 25 de marzo de 2016): 1 (uno) a 5 (cinco) Escala de Calificaci\u00f3n (desde el 26 de marzo de 2016): 1 (uno) a 10 (diez) &nbsp; GRILLA ACAD\u00c9MICA PRIMER A\u00d1O CAMPOS DE CONOCIMIENTO Unidades Curriculares\u00a0 1ER CUATRIMESTRE &#8230; <a title=\"Plan de estudio\" class=\"read-more\" href=\"https:\/\/ispi9026-sfe.infd.edu.ar\/sitio\/catalogo\/plan-de-estudio\/\" aria-label=\"More on Plan de estudio\">[+]<\/a><\/p>\n","protected":false},"author":6,"featured_media":0,"parent":644,"menu_order":0,"comment_status":"closed","ping_status":"closed","template":"","meta":[],"acf":[],"_links":{"self":[{"href":"https:\/\/ispi9026-sfe.infd.edu.ar\/sitio\/wp-json\/wp\/v2\/pages\/734"}],"collection":[{"href":"https:\/\/ispi9026-sfe.infd.edu.ar\/sitio\/wp-json\/wp\/v2\/pages"}],"about":[{"href":"https:\/\/ispi9026-sfe.infd.edu.ar\/sitio\/wp-json\/wp\/v2\/types\/page"}],"author":[{"embeddable":true,"href":"https:\/\/ispi9026-sfe.infd.edu.ar\/sitio\/wp-json\/wp\/v2\/users\/6"}],"replies":[{"embeddable":true,"href":"https:\/\/ispi9026-sfe.infd.edu.ar\/sitio\/wp-json\/wp\/v2\/comments?post=734"}],"version-history":[{"count":13,"href":"https:\/\/ispi9026-sfe.infd.edu.ar\/sitio\/wp-json\/wp\/v2\/pages\/734\/revisions"}],"predecessor-version":[{"id":853,"href":"https:\/\/ispi9026-sfe.infd.edu.ar\/sitio\/wp-json\/wp\/v2\/pages\/734\/revisions\/853"}],"up":[{"embeddable":true,"href":"https:\/\/ispi9026-sfe.infd.edu.ar\/sitio\/wp-json\/wp\/v2\/pages\/644"}],"wp:attachment":[{"href":"https:\/\/ispi9026-sfe.infd.edu.ar\/sitio\/wp-json\/wp\/v2\/media?parent=734"}],"curies":[{"name":"wp","href":"https:\/\/api.w.org\/{rel}","templated":true}]}}