{"id":692,"date":"2018-07-25T15:09:46","date_gmt":"2018-07-25T18:09:46","guid":{"rendered":"https:\/\/ispi9026-sfe.infd.edu.ar\/sitio\/?page_id=692"},"modified":"2020-05-21T00:58:38","modified_gmt":"2020-05-21T03:58:38","slug":"estudiantes","status":"publish","type":"page","link":"https:\/\/ispi9026-sfe.infd.edu.ar\/sitio\/estudiantes\/","title":{"rendered":"Perfil del Egresado"},"content":{"rendered":"<p>De acuerdo con la Pedagog\u00eda Salesiana, las competencias requeridas al educador del<br \/>\nnuevo milenio son:<\/p>\n<ul>\n<li>Capacidad para una confrontaci\u00f3n abierta, inteligente y propositiva con nuevos<br \/>\nfen\u00f3menos, con apertura a comprender las tendencias culturales, intentando el<br \/>\nanuncio en el coraz\u00f3n de la vida, interpretando nuevos lenguajes y c\u00f3digos de<br \/>\nsignificado.<\/li>\n<\/ul>\n<ul>\n<li>Poseer una identidad de creyente, una solidez espiritual y una aptitud para el<br \/>\ndi\u00e1logo con los otros en clima de libertad Lo cual exige que la fe y las razones de<br \/>\nla esperanza sean comprendidas y vividas con fundamento y transparencia.<\/li>\n<\/ul>\n<ul>\n<li>Optar por el aprendizaje cooperativo como metodolog\u00eda de la ense\u00f1anza que<br \/>\nequilibra el aspecto de la educaci\u00f3n de los contenidos con las exigencias de la<br \/>\nformaci\u00f3n para la interacci\u00f3n en el grupo implementando de este modo, una<br \/>\nracionalidad salesiana, discursiva y narrativa.<\/li>\n<\/ul>\n<ul>\n<li>Impulsar un aprendizaje desde el servicio. La s\u00edntesis pr\u00e1ctica, entre los valores<br \/>\ncristianos y civiles, que se experimenta en proyectos y actividades de servicio o<br \/>\nvoluntariado, que se convierten en motor del aprendizaje.<\/li>\n<\/ul>\n<ul>\n<li>Formar a los educandos mediante la did\u00e1ctica de la educaci\u00f3n del car\u00e1cter, o de<br \/>\nlas virtudes o de los valores, en clave cat\u00f3lica cuyo potencial es educar a la<br \/>\nciudadan\u00eda, retomando algunas intuiciones educativas de Don Bosco, incluidas<br \/>\nen el ideal del honesto ciudadano, y presentarla seg\u00fan una perspectiva m\u00e1s<br \/>\nreciente, que denoten algunos rasgos t\u00edpicos salesianos una pedagog\u00eda del<br \/>\nambiente comunitario que encarna una tradici\u00f3n, el aprendizaje experiencial<br \/>\nque hace interactuar de manera complementaria la dimensi\u00f3n moral, una<br \/>\npedagog\u00eda narrativa que tiene potencialidades incluyendo los nuevos nativos<br \/>\ndigitales.<\/li>\n<\/ul>\n<ul>\n<li>Dar cuenta de una propuesta de pedagog\u00eda diferenciada, que implica<br \/>\nnecesariamente un acompa\u00f1amiento personal Las diversas did\u00e1cticas, m\u00e1s o<br \/>\nmenos innovadoras no son metodolog\u00edas que funcionan autom\u00e1ticamente, dan<br \/>\nideas, estimulan, abren horizontes, pero una interiorizaci\u00f3n en la vida de las<br \/>\npersonas se da en el contexto de una relaci\u00f3n educativa que debe tener tiempos<br \/>\ny espacios dedicados a la persona del educando. El principio de la atenci\u00f3n a la<br \/>\npersona es una caracter\u00edstica fundamental del Sistema Preventivo.<\/li>\n<\/ul>\n","protected":false},"excerpt":{"rendered":"<p>De acuerdo con la Pedagog\u00eda Salesiana, las competencias requeridas al educador del nuevo milenio son: Capacidad para una confrontaci\u00f3n abierta, inteligente y propositiva con nuevos fen\u00f3menos, con apertura a comprender las tendencias culturales, intentando el anuncio en el coraz\u00f3n de la vida, interpretando nuevos lenguajes y c\u00f3digos de significado. Poseer una identidad de creyente, una &#8230; <a title=\"Perfil del Egresado\" class=\"read-more\" href=\"https:\/\/ispi9026-sfe.infd.edu.ar\/sitio\/estudiantes\/\" aria-label=\"More on Perfil del Egresado\">[+]<\/a><\/p>\n","protected":false},"author":6,"featured_media":0,"parent":0,"menu_order":0,"comment_status":"closed","ping_status":"closed","template":"","meta":[],"acf":[],"_links":{"self":[{"href":"https:\/\/ispi9026-sfe.infd.edu.ar\/sitio\/wp-json\/wp\/v2\/pages\/692"}],"collection":[{"href":"https:\/\/ispi9026-sfe.infd.edu.ar\/sitio\/wp-json\/wp\/v2\/pages"}],"about":[{"href":"https:\/\/ispi9026-sfe.infd.edu.ar\/sitio\/wp-json\/wp\/v2\/types\/page"}],"author":[{"embeddable":true,"href":"https:\/\/ispi9026-sfe.infd.edu.ar\/sitio\/wp-json\/wp\/v2\/users\/6"}],"replies":[{"embeddable":true,"href":"https:\/\/ispi9026-sfe.infd.edu.ar\/sitio\/wp-json\/wp\/v2\/comments?post=692"}],"version-history":[{"count":6,"href":"https:\/\/ispi9026-sfe.infd.edu.ar\/sitio\/wp-json\/wp\/v2\/pages\/692\/revisions"}],"predecessor-version":[{"id":793,"href":"https:\/\/ispi9026-sfe.infd.edu.ar\/sitio\/wp-json\/wp\/v2\/pages\/692\/revisions\/793"}],"wp:attachment":[{"href":"https:\/\/ispi9026-sfe.infd.edu.ar\/sitio\/wp-json\/wp\/v2\/media?parent=692"}],"curies":[{"name":"wp","href":"https:\/\/api.w.org\/{rel}","templated":true}]}}