{"id":286,"date":"2016-10-31T13:17:59","date_gmt":"2016-10-31T16:17:59","guid":{"rendered":"https:\/\/ispi9026-sfe.infd.edu.ar\/sitio\/?page_id=286"},"modified":"2023-12-22T15:19:23","modified_gmt":"2023-12-22T18:19:23","slug":"inicio","status":"publish","type":"page","link":"https:\/\/ispi9026-sfe.infd.edu.ar\/sitio\/","title":{"rendered":"Inicio"},"content":{"rendered":"<div id=\"metaslider-id-403\" style=\"width: 100%;\" class=\"ml-slider-3-33-0 metaslider metaslider-flex metaslider-403 ml-slider ms-theme-default\" role=\"region\" aria-roledescription=\"Slideshow\" aria-label=\"Slideshow\">\n    <div id=\"metaslider_container_403\">\n        <div id=\"metaslider_403\" class=\"flexslider\">\n            <ul aria-live=\"polite\" class=\"slides\">\n                <li style=\"display: block; width: 100%;\" class=\"slide-884 ms-image\" aria-roledescription=\"slide\" aria-label=\"slide-884\"><img src=\"https:\/\/ispi9026-sfe.infd.edu.ar\/sitio\/wp-content\/uploads\/2020\/09\/WhatsApp-Image-2020-09-20-at-17.50.47-1100x200.jpeg\" height=\"200\" width=\"1100\" alt=\"\" class=\"slider-403 slide-884\" title=\"WhatsApp Image 2020-09-20 at 17.50.47\" \/><\/li>\n                <li style=\"display: none; width: 100%;\" class=\"slide-885 ms-image\" aria-roledescription=\"slide\" aria-label=\"slide-885\"><img src=\"https:\/\/ispi9026-sfe.infd.edu.ar\/sitio\/wp-content\/uploads\/2020\/09\/carrusel-5-1100x200.jpg\" height=\"200\" width=\"1100\" alt=\"\" class=\"slider-403 slide-885\" title=\"carrusel 5\" \/><\/li>\n                <li style=\"display: none; width: 100%;\" class=\"slide-886 ms-image\" aria-roledescription=\"slide\" aria-label=\"slide-886\"><img src=\"https:\/\/ispi9026-sfe.infd.edu.ar\/sitio\/wp-content\/uploads\/2020\/09\/carrusel-4-739x134.jpg\" height=\"200\" width=\"1100\" alt=\"\" class=\"slider-403 slide-886\" title=\"carrusel 4\" \/><\/li>\n                <li style=\"display: none; width: 100%;\" class=\"slide-887 ms-image\" aria-roledescription=\"slide\" aria-label=\"slide-887\"><img src=\"https:\/\/ispi9026-sfe.infd.edu.ar\/sitio\/wp-content\/uploads\/2020\/09\/carrusel-3-1100x200.jpg\" height=\"200\" width=\"1100\" alt=\"\" class=\"slider-403 slide-887\" title=\"carrusel 3\" \/><\/li>\n                <li style=\"display: none; width: 100%;\" class=\"slide-889 ms-image\" aria-roledescription=\"slide\" aria-label=\"slide-889\"><img src=\"https:\/\/ispi9026-sfe.infd.edu.ar\/sitio\/wp-content\/uploads\/2020\/09\/ef66988a-1ba0-4574-bf8c-972b4988bfe5-1100x200.jpg\" height=\"200\" width=\"1100\" alt=\"\" class=\"slider-403 slide-889\" title=\"ef66988a-1ba0-4574-bf8c-972b4988bfe5\" \/><\/li>\n            <\/ul>\n        <\/div>\n        \n    <\/div>\n<\/div>\n<p style=\"text-align: center;\">\u00a0<img decoding=\"async\" loading=\"lazy\" class=\"alignnone size-medium wp-image-1032\" src=\"https:\/\/ispi9026-sfe.infd.edu.ar\/sitio\/wp-content\/uploads\/2023\/12\/WhatsApp-Image-2023-12-13-at-18.33.07.jpeg\" alt=\"\" width=\"940\" height=\"476\" srcset=\"https:\/\/ispi9026-sfe.infd.edu.ar\/sitio\/wp-content\/uploads\/2023\/12\/WhatsApp-Image-2023-12-13-at-18.33.07.jpeg 940w, https:\/\/ispi9026-sfe.infd.edu.ar\/sitio\/wp-content\/uploads\/2023\/12\/WhatsApp-Image-2023-12-13-at-18.33.07-768x389.jpeg 768w\" sizes=\"(max-width: 940px) 100vw, 940px\" \/><\/p>\n<p style=\"text-align: center;\"><iframe loading=\"lazy\" src=\"https:\/\/www.youtube.com\/embed\/AITz7N0KShY\" width=\"560\" height=\"315\" frameborder=\"0\" allowfullscreen=\"allowfullscreen\"><\/iframe><\/p>\n<p style=\"text-align: center;\"><img decoding=\"async\" loading=\"lazy\" class=\"alignnone size-full wp-image-1031\" src=\"https:\/\/ispi9026-sfe.infd.edu.ar\/sitio\/wp-content\/uploads\/2023\/12\/WhatsApp-Image-2023-12-13-at-18.33.14.jpeg\" alt=\"\" width=\"940\" height=\"788\" srcset=\"https:\/\/ispi9026-sfe.infd.edu.ar\/sitio\/wp-content\/uploads\/2023\/12\/WhatsApp-Image-2023-12-13-at-18.33.14.jpeg 940w, https:\/\/ispi9026-sfe.infd.edu.ar\/sitio\/wp-content\/uploads\/2023\/12\/WhatsApp-Image-2023-12-13-at-18.33.14-768x644.jpeg 768w\" sizes=\"(max-width: 940px) 100vw, 940px\" \/><\/p>\n<p style=\"text-align: center;\"><img decoding=\"async\" loading=\"lazy\" class=\"alignnone size-full wp-image-1035\" src=\"https:\/\/ispi9026-sfe.infd.edu.ar\/sitio\/wp-content\/uploads\/2023\/12\/WhatsApp-Image-2023-12-13-at-18.33.29.jpeg\" alt=\"\" width=\"940\" height=\"694\" srcset=\"https:\/\/ispi9026-sfe.infd.edu.ar\/sitio\/wp-content\/uploads\/2023\/12\/WhatsApp-Image-2023-12-13-at-18.33.29.jpeg 940w, https:\/\/ispi9026-sfe.infd.edu.ar\/sitio\/wp-content\/uploads\/2023\/12\/WhatsApp-Image-2023-12-13-at-18.33.29-768x567.jpeg 768w\" sizes=\"(max-width: 940px) 100vw, 940px\" \/><\/p>\n<p><img decoding=\"async\" loading=\"lazy\" class=\"alignnone size-full wp-image-1034 aligncenter\" src=\"https:\/\/ispi9026-sfe.infd.edu.ar\/sitio\/wp-content\/uploads\/2023\/12\/WhatsApp-Image-2023-12-13-at-18.33.42.jpeg\" alt=\"\" width=\"940\" height=\"321\" srcset=\"https:\/\/ispi9026-sfe.infd.edu.ar\/sitio\/wp-content\/uploads\/2023\/12\/WhatsApp-Image-2023-12-13-at-18.33.42.jpeg 940w, https:\/\/ispi9026-sfe.infd.edu.ar\/sitio\/wp-content\/uploads\/2023\/12\/WhatsApp-Image-2023-12-13-at-18.33.42-768x262.jpeg 768w\" sizes=\"(max-width: 940px) 100vw, 940px\" \/><\/p>\n<p>&nbsp;<\/p>\n<p style=\"text-align: center;\">\u00abOrientaciones para una Pol\u00edtica Preventiva en Defensa de los Derechos de los Ni\u00f1os\/as y adolescentes\u00bb: <a href=\"https:\/\/drive.google.com\/file\/d\/1I01Ka5P0Fg_lY99X-YZledUIUSTTNVh-\/view?usp=sharing\">LEER<\/a><\/p>\n<p style=\"text-align: center;\">\u00abPautas para una convivencia que humanice\u00bb y el resumen del Sistema Preventivo: <a href=\"https:\/\/drive.google.com\/file\/d\/1R-_76Kp7RgOzxoKAfPx0HXQH1quVCX7Q\/view?usp=sharing\">LEER<\/a><\/p>\n<p style=\"text-align: center;\">Plan de estudios y R\u00e9gimen de correlatividades: <a href=\"https:\/\/drive.google.com\/file\/d\/1Nm1SW2QO5TVthiH_igIH7R8lrri1YVlf\/view?usp=sharing\">LEER<\/a><\/p>\n<p style=\"text-align: center;\">R.A.M. (Reglamento Acad\u00e9mico Marco -Resumen) : <a href=\"https:\/\/drive.google.com\/file\/d\/1YJyVfxLKeYLDRhJMVLxVlJlUjbe5_9hp\/view?usp=sharing\">LEER<\/a><\/p>\n<p style=\"text-align: center;\">Reglamento de Pr\u00e1ctica (Resumen):\u00a0<a href=\"https:\/\/drive.google.com\/file\/d\/1SJdx2gwOZ6YVriQob1CeVOSglitk9EOP\/view?usp=sharing\">LEER<\/a><\/p>\n<p style=\"text-align: center;\"><a href=\"https:\/\/forms.gle\/iDpQoPhTE3oaYfjP9\"><img decoding=\"async\" loading=\"lazy\" class=\"alignnone size-full wp-image-1033\" src=\"https:\/\/ispi9026-sfe.infd.edu.ar\/sitio\/wp-content\/uploads\/2023\/12\/WhatsApp-Image-2023-12-13-at-18.33.54.jpeg\" alt=\"\" width=\"940\" height=\"338\" srcset=\"https:\/\/ispi9026-sfe.infd.edu.ar\/sitio\/wp-content\/uploads\/2023\/12\/WhatsApp-Image-2023-12-13-at-18.33.54.jpeg 940w, https:\/\/ispi9026-sfe.infd.edu.ar\/sitio\/wp-content\/uploads\/2023\/12\/WhatsApp-Image-2023-12-13-at-18.33.54-768x276.jpeg 768w\" sizes=\"(max-width: 940px) 100vw, 940px\" \/><\/a><\/p>\n<p style=\"text-align: center;\">FICHA DE DATOS PERSONALES DEL ALUMNO DESPUES DE INSCRIBIRSE\u00a0 \/<a href=\"https:\/\/drive.google.com\/file\/d\/12LYivjK--SnEcinTUK9VX51TBbQBZm0I\/view?usp=sharing\">IMPRIMIR<\/a><\/p>\n","protected":false},"excerpt":{"rendered":"<p>\u00a0 &nbsp; \u00abOrientaciones para una Pol\u00edtica Preventiva en Defensa de los Derechos de los Ni\u00f1os\/as y adolescentes\u00bb: LEER \u00abPautas para una convivencia que humanice\u00bb y el resumen del Sistema Preventivo: LEER Plan de estudios y R\u00e9gimen de correlatividades: LEER R.A.M. (Reglamento Acad\u00e9mico Marco -Resumen) : LEER Reglamento de Pr\u00e1ctica (Resumen):\u00a0LEER FICHA DE DATOS PERSONALES DEL &#8230; <a title=\"Inicio\" class=\"read-more\" href=\"https:\/\/ispi9026-sfe.infd.edu.ar\/sitio\/\" aria-label=\"More on Inicio\">[+]<\/a><\/p>\n","protected":false},"author":1,"featured_media":0,"parent":0,"menu_order":0,"comment_status":"closed","ping_status":"closed","template":"","meta":[],"acf":[],"_links":{"self":[{"href":"https:\/\/ispi9026-sfe.infd.edu.ar\/sitio\/wp-json\/wp\/v2\/pages\/286"}],"collection":[{"href":"https:\/\/ispi9026-sfe.infd.edu.ar\/sitio\/wp-json\/wp\/v2\/pages"}],"about":[{"href":"https:\/\/ispi9026-sfe.infd.edu.ar\/sitio\/wp-json\/wp\/v2\/types\/page"}],"author":[{"embeddable":true,"href":"https:\/\/ispi9026-sfe.infd.edu.ar\/sitio\/wp-json\/wp\/v2\/users\/1"}],"replies":[{"embeddable":true,"href":"https:\/\/ispi9026-sfe.infd.edu.ar\/sitio\/wp-json\/wp\/v2\/comments?post=286"}],"version-history":[{"count":151,"href":"https:\/\/ispi9026-sfe.infd.edu.ar\/sitio\/wp-json\/wp\/v2\/pages\/286\/revisions"}],"predecessor-version":[{"id":1039,"href":"https:\/\/ispi9026-sfe.infd.edu.ar\/sitio\/wp-json\/wp\/v2\/pages\/286\/revisions\/1039"}],"wp:attachment":[{"href":"https:\/\/ispi9026-sfe.infd.edu.ar\/sitio\/wp-json\/wp\/v2\/media?parent=286"}],"curies":[{"name":"wp","href":"https:\/\/api.w.org\/{rel}","templated":true}]}}